{"id":255,"date":"2016-02-22T09:37:22","date_gmt":"2016-02-22T09:37:22","guid":{"rendered":"http:\/\/ecars.inoe.ro\/?page_id=255"},"modified":"2017-02-28T07:49:45","modified_gmt":"2017-02-28T07:49:45","slug":"dissemination","status":"publish","type":"page","link":"https:\/\/ecars.inoe.ro\/index.php\/dissemination\/","title":{"rendered":"Dissemination"},"content":{"rendered":"<p>CALIPSO climatological products: evaluation and suggestions from EARLINET,\u00a0N. Papagiannopoulos, L. Mona, L. Alados-Arboledas, V. Amiridis, H. Baars, I. Binietoglou, D. Bortoli, G. D&#8217;Amico, A. Giunta, J.L. Guerrero-Rascado, A.J. Schwarz, S. Pereira, N. Spinelli, U. Wandinger, X. Wang, G. Pappalard,\u00a0<em>ATMOS. CHEM. PHYS., vol. 16, no. 4, pp. 2341-2357, doi:10.5194\/acp-16-2341-2016, 2016<\/em><\/p>\n<p>Profiling of aerosol microphysical properties at several EARLINET\/AERONET sites during the July 2012 ChArMEx\/EMEP campaign,\u00a0M.J. Granados-Mu\u00f1oz, F. Navas-Guzm\u00e1n, J.L. Guerrero-Rascado, J.A. Bravo-Aranda, I. Binietoglou, D. Nicolae, L. Belegante, S.N. Pereira, S. Basart, J.M. Baldasano, A.J. Chaikovsky, A. Comer\u00f3n, G. D&#8217;Amico, O. Dubovik, L. Ilic, P. Kokkalis, C. Mu\u00f1oz-Porcar, S. Nickovic, F.J. Olmo, A. Papayannis, G. Pappalardo, A. Rodr\u00edguez, K. Schepanski, M. Sicard, A. Vukovic, U. Wandinger, F. Dulac, and L. Alados-Arboledas,<em> ATMOS. CHEM. PHYS., vol. 16, no. 11, pp. 7043-7066, doi:10.5194\/acp-16-7043-2016, 2016<\/em><\/p>\n<p>From hygroscopic aerosols to cloud droplets: The HygrA-CD campaign in the Athens basin &#8211; An overview,\u00a0A. Papayannis, A. Argyrouli, A. Bougiatioti, E. Remoundaki, S. Vratolis, A. Nenes, S. Solomos, M. Komppula, E. Giannakaki, J. Kalogiros, R. Banks, K. Eleftheriadis, I. Binietoglou, L. Labzovskii, E. Mantas, E. Diapouli, C.G. Tzanis, S. Kazadzis, J.V. Hey, C.S. Zerefos,\u00a0<em>SCI. TOTAL ENVIRON., vol. 574, pp. 216-233, 10.1016\/j.scitotenv.2016.09.054, 2016<\/em><\/p>\n<p>Validation of LIRIC aerosol concentration retrievals using airborne measurements during a biomass burning episode over Athens,\u00a0P. Kokkalis, V. Amiridis, J.D. Allan, A. Papayannis, S. Solomos, I. Binietoglou, A. Bougiatioti, A. Tsekeri, A. Nenes, P.D. Rosenberg, F. Marenco, E. Marinou, J. Vasilescu, D. Nicolae, H. Coe, A. Bacak, A. Chaikovsky,\u00a0<em>ATMOS. RES., vol. 183, pp. 255-267, doi:10.1016\/j.atmosres.2016.09.007, 2016<\/em><\/p>\n<p>Lidar-Radiometer Inversion Code (LIRIC) for the retrieval of vertical aerosol properties from combined lidar\/radiometer data: development and distribution in EARLINET,\u00a0A. Chaikovsky, O. Dubovik, B. Holben, A. Bril, P. Goloub, D. Tanr\u00e9, I. Binietoglou, D. Nicolae, C. Talianu, G. Pappalardo, U. Wandinger, L. Chaikovskaya, S. Denisov, J. Grudo, A. Lopatin, Y. Karol, T. Lapyonok, V. Amiridis, A. Ansmann, A. Apituley, L. Allados-Arboledas, A. Boselli, G. D\u2019Amico, V. Freudenthaler, D. Giles, M.J. Granados-Mu\u00f1oz, P. Kokkalis, S. Oshchepkov, A. Papayannis, M.R. Perrone, A. Pietruczuk, F. Rocadenbosch, M. Sicard, I. Slutsker, F. De Tomasi, A. Tsekeri, J. Wagner, and X. Wang,\u00a0<em>ATMOS. MEAS. TECH., vol. 9, no. 3, pp. 1181-1205, doi:10.5194\/amt-9-1181-2016, 2016<\/em><\/p>\n<p>EARLINET instrument intercomparison campaigns: overview on strategy and results,\u00a0U. Wandinger, V. Freudenthaler, H. Baars, A. Amodeo, R. Engelmann, I. Mattis, S. Gross, G. Pappalardo, A. Giunta, D. Nicolae, L. Belegante, C. Talianu, G. D\u2019Amico, A. Chaikovsky et al.,\u00a0<em>ATMOS. MEAS. TECH., vol. 9, no. 3, pp. 1001-1023, 10.5194\/amt-9-1001-2016, 2016<\/em><\/p>\n<p>Assessment of lidar depolarization uncertainty by means of a polarimetric lidar simulator,\u00a0J.A. Bravo-Aranda, L. Belegante, V. Freudenthaler, L. Alados-Arboledas, D. Nicolae, M.J. Granados-Munoz, J.L. Guerrero-Rascado, A. Amodeo, G. D&#8217;Amico, R. Engelmann, G. Pappalardo, P. Kokkalis, R. Mamouri, A. Papayannis, F. Navas-Guzman, F.J. Olmo, U. Wandinger, F. Amato, M. Haeffeli,\u00a0<em>ATM. MEAS. TECH., vol. 9, no. 10, pp. 4935-4953, 10.5194\/amt-9-4935-2016, 2016<\/em><\/p>\n<p>Linear approximation of Rayleigh\u2013Brillouin scattering spectra,\u00a0I. Binietoglou, P. Giampouras, L. Belegante,\u00a0<em>APPL. OPT., vol. 55, no. 27, pp. 7707-7711, doi:10.1364\/AO.55.007707, 2016<\/em><\/p>\n<p>Aerosol characterization based on chemical composition and optical properties,\u00a0L. Marmureanu, J. Vasilescu, A. Nemuc, D. Nicolae, L. Belegante, <em>ROM. J. PHYS., vol. 61, no. 9, pp. 1635-1650, 2016<\/em><\/p>\n<p>Planetary boundary layer investigation from lidar measurements over Bucharest,\u00a0A. Dandocsi, L. Preda, D. Nicolae, A. Nemuc,\u00a0<em>UPB SCI. BULL. A Series, vol. 78, no. 1, pp. 265-274, ISSN: 1223-7027, 2016<\/em><\/p>\n","protected":false},"excerpt":{"rendered":"<p>CALIPSO climatological products: evaluation and suggestions from EARLINET,\u00a0N. Papagiannopoulos, L. Mona, L. Alados-Arboledas, V. Amiridis, H. Baars, I. Binietoglou, D. Bortoli, G. D&#8217;Amico, A. Giunta, J.L. Guerrero-Rascado, A.J. Schwarz, S. Pereira, N. Spinelli, U. Wandinger, X. Wang, G. Pappalard,\u00a0ATMOS. CHEM. PHYS., vol. 16, no. 4, pp. 2341-2357, doi:10.5194\/acp-16-2341-2016, 2016 Profiling of aerosol microphysical properties at [&hellip;]<\/p>\n","protected":false},"author":1,"featured_media":0,"parent":0,"menu_order":0,"comment_status":"closed","ping_status":"closed","template":"","meta":{"footnotes":""},"class_list":["post-255","page","type-page","status-publish","hentry"],"_links":{"self":[{"href":"https:\/\/ecars.inoe.ro\/index.php\/wp-json\/wp\/v2\/pages\/255","targetHints":{"allow":["GET"]}}],"collection":[{"href":"https:\/\/ecars.inoe.ro\/index.php\/wp-json\/wp\/v2\/pages"}],"about":[{"href":"https:\/\/ecars.inoe.ro\/index.php\/wp-json\/wp\/v2\/types\/page"}],"author":[{"embeddable":true,"href":"https:\/\/ecars.inoe.ro\/index.php\/wp-json\/wp\/v2\/users\/1"}],"replies":[{"embeddable":true,"href":"https:\/\/ecars.inoe.ro\/index.php\/wp-json\/wp\/v2\/comments?post=255"}],"version-history":[{"count":3,"href":"https:\/\/ecars.inoe.ro\/index.php\/wp-json\/wp\/v2\/pages\/255\/revisions"}],"predecessor-version":[{"id":356,"href":"https:\/\/ecars.inoe.ro\/index.php\/wp-json\/wp\/v2\/pages\/255\/revisions\/356"}],"wp:attachment":[{"href":"https:\/\/ecars.inoe.ro\/index.php\/wp-json\/wp\/v2\/media?parent=255"}],"curies":[{"name":"wp","href":"https:\/\/api.w.org\/{rel}","templated":true}]}}